{"id":2387,"date":"2018-05-12T20:55:01","date_gmt":"2018-05-12T20:55:01","guid":{"rendered":"https:\/\/teleso.sk\/?product=vypousteci-cerpadlo-mycky-beko"},"modified":"2026-04-04T17:56:15","modified_gmt":"2026-04-04T15:56:15","slug":"vypousteci-cerpadlo-mycky-beko","status":"publish","type":"product","link":"https:\/\/teleso.sk\/cs\/produkt\/vypousteci-cerpadlo-mycky-beko\/","title":{"rendered":"Vypou\u0161t\u011bc\u00ed \u010derpadlo my\u010dky Beko"},"content":{"rendered":"<h2>Vypou\u0161t\u011bc\u00ed \u010derpadlo my\u010dky Beko<\/h2>\n<p>&nbsp;<\/p>\n<p>1740300300<\/p>\n<p>pro my\u010dky:<\/p>\n<p>7601443942 BEKO DFN 6838 S<br \/>\n7601543942 BEKO DFN 6838<br \/>\n7601643942 BEKO DFN 6833 B<br \/>\n7601943942 BEKO DFN 6632<br \/>\n7603333942 BEKO DFN 6845 (YM-MM)<br \/>\n7603433942 BEKO DFN 6845 X (YM-MM)<br \/>\n7605242653 BEKO DFN 2530<br \/>\n7607643942 BEKO DIN 1536 Extra<br \/>\n7608243942 BEKO DIN 5833 Extra<br \/>\n7608343942 BEKO DIN 5837<br \/>\n7609343942 BEKO DIN 5833<br \/>\n7609443945 BEKO DIS 1522<br \/>\n7609543945 BEKO DIS 5831<br \/>\n7609742645 BEKO DSFS 6830<br \/>\n7609842645 BEKO DSFS 6830 X<br \/>\n7611743945 BEKO DSFS 1530 X<br \/>\n7611843942 BEKO DIN 1531<br \/>\n7614043945 BEKO DSFS 6530<br \/>\n7614143945 BEKO DSFS 1530<br \/>\n7615243942 BEKO DSFN 6530 X<br \/>\n7618343942 BEKO DSFN 6530<br \/>\n7624233942 BEKO DIN 5931 FX6 F5)<br \/>\n7624333942 BEKODSN 6841 (YM-MM)<br \/>\n7624433942 BEKODSN 6841 B (YM-MM)<br \/>\n7625048355 POOL (CIS) BEKO DFS 2531<br \/>\n7627533945 BEKO DSS 6832 X<br \/>\n7628733942 BEKO DIN 5835 (F5)<br \/>\n7629043942 BEKO DFN71041 S<br \/>\n7629143942 BEKO DFN71041<br \/>\n7632633945 Beko DSFS 6835 X (YM-MM)<br \/>\n7644433942 BEKO DFN 6838 X DW(92821)<br \/>\n7645643945 BEKO DIS 5935 FX<br \/>\n7646033945 BEKO DSFS 6831 X (YM-MM)<br \/>\n7646133945 BEKO DSFS 6831 (YM-MM)<br \/>\n7646643942 BEKO DIN 1535 EXTRA<br \/>\n7646843942 BEKO DSN 6839 FX EXTRA<br \/>\n7647143945 BEKO DSS 6830 X<br \/>\n7649743942 BEKO DSN 6834 Extra<br \/>\n7652143942 BEKO DSN 6533 X<br \/>\n7652433942 BEKO DIN 6830 FX30<br \/>\n7654143942 BEKO DSN 6839 FX<br \/>\n7654243942 BEKO DIN 5832 EXTRA<br \/>\n7654333942 BEKO DFN71046 S6 (C4)<br \/>\n7654343942 BEKO DSN 6834 B EXTRA<br \/>\n7656343942 BEKO DSN 6838 X<br \/>\n7657433942 BEKO DFN71046 X30 (C4)<br \/>\n7657588345 CIS BEKO DIS 5830<br \/>\n7659343942 BEKO DSN 6534 FX<br \/>\n7663533942 BEKO DSN 6841 FXN (YM-MM)<br \/>\n7664839942 BEKO DFN 6830<br \/>\n7664949942 BEKO DFN 6630<br \/>\n7668788355 CIS BEKO DFS 2520<br \/>\n7669943942 BEKO DSFN 1530<br \/>\n7672743953 BEKO DFN 2530<br \/>\n7674933942 BEKO DSN 6840 FX<br \/>\n7675083953 BEKO DSN 2500 X<br \/>\n7677233942 BEKO DFN 6840<br \/>\n7678643942 BEKO DIN 5832<br \/>\n7679683942 BEKO DFN 6830 S<br \/>\n7679783942 BEKO DFN 6835<br \/>\n7680733942 BEKO DIN 5834<br \/>\n7680833942 BEKO DFN 1001 X<br \/>\n7681043942 BEKO DFN 6832<br \/>\n7681643942 BEKO DFN 6832 S<br \/>\n7681743942 BEKO DFN 6837 S<br \/>\n7681843942 BEKO DFN 6837<br \/>\n7682443942 BEKO DFN 6631<br \/>\n7682643942 BEKO DSN 6532 F<br \/>\n7682788345 CIS BEKO DIS 1501<br \/>\n7683343942 BEKO DSN 6837 X<br \/>\n7683388345 CIS BEKO DIS 1520<br \/>\n7684383342 BEKO DSN 6835 X<br \/>\n7685183342 BEKO DSN 6530 X<br \/>\n7690133942 BEKO DSFN 1531<br \/>\n7696333942 BEKO DFN71045 S<br \/>\n7697485042 BEKO DFN71040<br \/>\n7699133942 BEKO DSN 6840 FX Extra<\/p>\n<p>&nbsp;<\/p>\n<p>&nbsp;<\/p>\n","protected":false},"excerpt":{"rendered":"<p>Vypou\u0161t\u011bc\u00ed \u010derpadlo my\u010dky Beko &nbsp; 1740300300 pro my\u010dky: 7601443942 BEKO DFN 6838 S 7601543942 BEKO DFN 6838 7601643942 BEKO DFN 6833 B 7601943942 BEKO DFN 6632 7603333942 BEKO DFN 6845 (YM-MM) 7603433942 BEKO DFN 6845 X (YM-MM) 7605242653 BEKO DFN 2530 7607643942 BEKO DIN 1536 Extra 7608243942 BEKO DIN 5833 Extra 7608343942 BEKO DIN 5837 [&hellip;]<\/p>\n","protected":false},"featured_media":5137,"comment_status":"open","ping_status":"closed","template":"","meta":{"site-sidebar-layout":"default","site-content-layout":"default","ast-site-content-layout":"default","site-content-style":"default","site-sidebar-style":"default","ast-global-header-display":"","ast-banner-title-visibility":"","ast-main-header-display":"","ast-hfb-above-header-display":"","ast-hfb-below-header-display":"","ast-hfb-mobile-header-display":"","site-post-title":"","ast-breadcrumbs-content":"","ast-featured-img":"","footer-sml-layout":"","ast-disable-related-posts":"","theme-transparent-header-meta":"default","adv-header-id-meta":"","stick-header-meta":"default","header-above-stick-meta":"","header-main-stick-meta":"","header-below-stick-meta":"","astra-migrate-meta-layouts":"default","ast-page-background-enabled":"default","ast-page-background-meta":{"desktop":{"background-color":"","background-image":"","background-repeat":"repeat","background-position":"center center","background-size":"auto","background-attachment":"scroll","background-type":"","background-media":"","overlay-type":"","overlay-color":"","overlay-opacity":"","overlay-gradient":""},"tablet":{"background-color":"","background-image":"","background-repeat":"repeat","background-position":"center center","background-size":"auto","background-attachment":"scroll","background-type":"","background-media":"","overlay-type":"","overlay-color":"","overlay-opacity":"","overlay-gradient":""},"mobile":{"background-color":"","background-image":"","background-repeat":"repeat","background-position":"center center","background-size":"auto","background-attachment":"scroll","background-type":"","background-media":"","overlay-type":"","overlay-color":"","overlay-opacity":"","overlay-gradient":""}},"ast-content-background-meta":{"desktop":{"background-color":"var(--ast-global-color-5)","background-image":"","background-repeat":"repeat","background-position":"center center","background-size":"auto","background-attachment":"scroll","background-type":"","background-media":"","overlay-type":"","overlay-color":"","overlay-opacity":"","overlay-gradient":""},"tablet":{"background-color":"var(--ast-global-color-5)","background-image":"","background-repeat":"repeat","background-position":"center center","background-size":"auto","background-attachment":"scroll","background-type":"","background-media":"","overlay-type":"","overlay-color":"","overlay-opacity":"","overlay-gradient":""},"mobile":{"background-color":"var(--ast-global-color-5)","background-image":"","background-repeat":"repeat","background-position":"center center","background-size":"auto","background-attachment":"scroll","background-type":"","background-media":"","overlay-type":"","overlay-color":"","overlay-opacity":"","overlay-gradient":""}}},"product_brand":[],"product_cat":[734],"product_tag":[972,957],"berocket_brand":[861,879],"class_list":{"0":"post-2387","1":"product","2":"type-product","3":"status-publish","4":"has-post-thumbnail","6":"product_cat-cerpadlo-mycky","7":"product_tag-cerpadlo-cs-2","8":"product_tag-mycka","9":"berocket_brand-beko-cs","10":"berocket_brand-whirlpool-cs","11":"desktop-align-center","12":"tablet-align-center","13":"mobile-align-center","14":"ast-product-gallery-layout-horizontal","15":"ast-product-tabs-layout-horizontal","17":"first","18":"instock","19":"purchasable","20":"product-type-simple"},"_links":{"self":[{"href":"https:\/\/teleso.sk\/cs\/wp-json\/wp\/v2\/product\/2387","targetHints":{"allow":["GET"]}}],"collection":[{"href":"https:\/\/teleso.sk\/cs\/wp-json\/wp\/v2\/product"}],"about":[{"href":"https:\/\/teleso.sk\/cs\/wp-json\/wp\/v2\/types\/product"}],"replies":[{"embeddable":true,"href":"https:\/\/teleso.sk\/cs\/wp-json\/wp\/v2\/comments?post=2387"}],"version-history":[{"count":0,"href":"https:\/\/teleso.sk\/cs\/wp-json\/wp\/v2\/product\/2387\/revisions"}],"wp:featuredmedia":[{"embeddable":true,"href":"https:\/\/teleso.sk\/cs\/wp-json\/wp\/v2\/media\/5137"}],"wp:attachment":[{"href":"https:\/\/teleso.sk\/cs\/wp-json\/wp\/v2\/media?parent=2387"}],"wp:term":[{"taxonomy":"product_brand","embeddable":true,"href":"https:\/\/teleso.sk\/cs\/wp-json\/wp\/v2\/product_brand?post=2387"},{"taxonomy":"product_cat","embeddable":true,"href":"https:\/\/teleso.sk\/cs\/wp-json\/wp\/v2\/product_cat?post=2387"},{"taxonomy":"product_tag","embeddable":true,"href":"https:\/\/teleso.sk\/cs\/wp-json\/wp\/v2\/product_tag?post=2387"},{"taxonomy":"berocket_brand","embeddable":true,"href":"https:\/\/teleso.sk\/cs\/wp-json\/wp\/v2\/berocket_brand?post=2387"}],"curies":[{"name":"wp","href":"https:\/\/api.w.org\/{rel}","templated":true}]}}