{"id":47162,"date":"2020-07-18T17:52:34","date_gmt":"2020-07-18T15:52:34","guid":{"rendered":"https:\/\/teleso.sk\/produkt\/spirala-trouby-electrolux-3570635015\/"},"modified":"2026-04-04T08:01:14","modified_gmt":"2026-04-04T06:01:14","slug":"spirala-trouby-electrolux-3570635015","status":"publish","type":"product","link":"https:\/\/teleso.sk\/cs\/produkt\/spirala-trouby-electrolux-3570635015\/","title":{"rendered":"Spir\u00e1la trouby Electrolux 3570635015"},"content":{"rendered":"\t\t<div data-elementor-type=\"product-post\" data-elementor-id=\"47162\" class=\"elementor elementor-47162 elementor-34918\" data-elementor-post-type=\"product\">\n\t\t\t\t\t\t<section class=\"elementor-section elementor-top-section elementor-element elementor-element-2c5b5a79 elementor-section-boxed elementor-section-height-default elementor-section-height-default\" data-id=\"2c5b5a79\" data-element_type=\"section\" data-e-type=\"section\">\n\t\t\t\t\t\t<div class=\"elementor-container elementor-column-gap-default\">\n\t\t\t\t\t<div class=\"elementor-column elementor-col-100 elementor-top-column elementor-element elementor-element-4ca5ba24\" data-id=\"4ca5ba24\" data-element_type=\"column\" data-e-type=\"column\">\n\t\t\t<div class=\"elementor-widget-wrap elementor-element-populated\">\n\t\t\t\t\t\t<div class=\"elementor-element elementor-element-2735875b elementor-widget elementor-widget-text-editor\" data-id=\"2735875b\" data-element_type=\"widget\" data-e-type=\"widget\" data-widget_type=\"text-editor.default\">\n\t\t\t\t<div class=\"elementor-widget-container\">\n\t\t\t\t\t\t\t\t\t<h2>Spir\u00e1la trouby Electrolux 3570635015<\/h2>\n<p>1000 W<\/p>\n<p>P\u0159ep\u00e1len\u00e1 spir\u00e1la se pom\u011brn\u011b jednodu\u0161e vym\u011bn\u00ed za novou, jen bude t\u0159eba troubu vybrat.<\/p>\n\t\t\t\t\t\t\t\t<\/div>\n\t\t\t\t<\/div>\n\t\t\t\t\t<\/div>\n\t\t<\/div>\n\t\t\t\t\t<\/div>\n\t\t<\/section>\n\t\t\t\t<section class=\"elementor-section elementor-top-section elementor-element elementor-element-67f875dc elementor-section-boxed elementor-section-height-default elementor-section-height-default\" data-id=\"67f875dc\" data-element_type=\"section\" data-e-type=\"section\">\n\t\t\t\t\t\t<div class=\"elementor-container elementor-column-gap-default\">\n\t\t\t\t\t<div class=\"elementor-column elementor-col-100 elementor-top-column elementor-element elementor-element-25970d8a\" data-id=\"25970d8a\" data-element_type=\"column\" data-e-type=\"column\">\n\t\t\t<div class=\"elementor-widget-wrap elementor-element-populated\">\n\t\t\t\t\t\t<div class=\"elementor-element elementor-element-81270dd elementor-widget elementor-widget-heading\" data-id=\"81270dd\" data-element_type=\"widget\" data-e-type=\"widget\" data-widget_type=\"heading.default\">\n\t\t\t\t<div class=\"elementor-widget-container\">\n\t\t\t\t\t<h2 class=\"elementor-heading-title elementor-size-default\">Zkontrolujte si kompatibilitu k va\u0161\u00ed troub\u011b<\/h2>\t\t\t\t<\/div>\n\t\t\t\t<\/div>\n\t\t\t\t<div class=\"elementor-element elementor-element-1d29675f elementor-widget elementor-widget-accordion\" data-id=\"1d29675f\" data-element_type=\"widget\" data-e-type=\"widget\" data-widget_type=\"accordion.default\">\n\t\t\t\t<div class=\"elementor-widget-container\">\n\t\t\t\t\t\t\t<div class=\"elementor-accordion\">\n\t\t\t\t\t\t\t<div class=\"elementor-accordion-item\">\n\t\t\t\t\t<div id=\"elementor-tab-title-4891\" class=\"elementor-tab-title\" data-tab=\"1\" role=\"button\" aria-controls=\"elementor-tab-content-4891\" aria-expanded=\"false\">\n\t\t\t\t\t\t\t\t\t\t\t\t\t<span class=\"elementor-accordion-icon elementor-accordion-icon-left\" aria-hidden=\"true\">\n\t\t\t\t\t\t\t\t\t\t\t\t\t\t\t<span class=\"elementor-accordion-icon-closed\"><svg class=\"e-font-icon-svg e-fas-plus\" viewBox=\"0 0 448 512\" xmlns=\"http:\/\/www.w3.org\/2000\/svg\"><path d=\"M416 208H272V64c0-17.67-14.33-32-32-32h-32c-17.67 0-32 14.33-32 32v144H32c-17.67 0-32 14.33-32 32v32c0 17.67 14.33 32 32 32h144v144c0 17.67 14.33 32 32 32h32c17.67 0 32-14.33 32-32V304h144c17.67 0 32-14.33 32-32v-32c0-17.67-14.33-32-32-32z\"><\/path><\/svg><\/span>\n\t\t\t\t\t\t\t\t<span class=\"elementor-accordion-icon-opened\"><svg class=\"e-font-icon-svg e-fas-minus\" viewBox=\"0 0 448 512\" xmlns=\"http:\/\/www.w3.org\/2000\/svg\"><path d=\"M416 208H32c-17.67 0-32 14.33-32 32v32c0 17.67 14.33 32 32 32h384c17.67 0 32-14.33 32-32v-32c0-17.67-14.33-32-32-32z\"><\/path><\/svg><\/span>\n\t\t\t\t\t\t\t\t\t\t\t\t\t\t<\/span>\n\t\t\t\t\t\t\t\t\t\t\t\t<a class=\"elementor-accordion-title\" tabindex=\"0\">Pro tyto zna\u010dky trouby<\/a>\n\t\t\t\t\t<\/div>\n\t\t\t\t\t<div id=\"elementor-tab-content-4891\" class=\"elementor-tab-content elementor-clearfix\" data-tab=\"1\" role=\"region\" aria-labelledby=\"elementor-tab-title-4891\"><p>Arthur Martin, Atag, Corbero, <strong><span style=\"color: #008000;\">Electrolux<\/span><\/strong>, Electrolux AEG, Electrolux Rex, Elektro Helios, Husqvarna, Ideal Zanussi, Ikea, Juno, Philco, Progress, Rosenlew<\/p>\n<\/div>\n\t\t\t\t<\/div>\n\t\t\t\t\t\t\t<div class=\"elementor-accordion-item\">\n\t\t\t\t\t<div id=\"elementor-tab-title-4892\" class=\"elementor-tab-title\" data-tab=\"2\" role=\"button\" aria-controls=\"elementor-tab-content-4892\" aria-expanded=\"false\">\n\t\t\t\t\t\t\t\t\t\t\t\t\t<span class=\"elementor-accordion-icon elementor-accordion-icon-left\" aria-hidden=\"true\">\n\t\t\t\t\t\t\t\t\t\t\t\t\t\t\t<span class=\"elementor-accordion-icon-closed\"><svg class=\"e-font-icon-svg e-fas-plus\" viewBox=\"0 0 448 512\" xmlns=\"http:\/\/www.w3.org\/2000\/svg\"><path d=\"M416 208H272V64c0-17.67-14.33-32-32-32h-32c-17.67 0-32 14.33-32 32v144H32c-17.67 0-32 14.33-32 32v32c0 17.67 14.33 32 32 32h144v144c0 17.67 14.33 32 32 32h32c17.67 0 32-14.33 32-32V304h144c17.67 0 32-14.33 32-32v-32c0-17.67-14.33-32-32-32z\"><\/path><\/svg><\/span>\n\t\t\t\t\t\t\t\t<span class=\"elementor-accordion-icon-opened\"><svg class=\"e-font-icon-svg e-fas-minus\" viewBox=\"0 0 448 512\" xmlns=\"http:\/\/www.w3.org\/2000\/svg\"><path d=\"M416 208H32c-17.67 0-32 14.33-32 32v32c0 17.67 14.33 32 32 32h384c17.67 0 32-14.33 32-32v-32c0-17.67-14.33-32-32-32z\"><\/path><\/svg><\/span>\n\t\t\t\t\t\t\t\t\t\t\t\t\t\t<\/span>\n\t\t\t\t\t\t\t\t\t\t\t\t<a class=\"elementor-accordion-title\" tabindex=\"0\">Seznam model\u016f, kde je spir\u00e1la zalo\u017eena<\/a>\n\t\t\t\t\t<\/div>\n\t\t\t\t\t<div id=\"elementor-tab-content-4892\" class=\"elementor-tab-content elementor-clearfix\" data-tab=\"2\" role=\"region\" aria-labelledby=\"elementor-tab-title-4892\"><p>AOB66310X<\/br>AOB97300X<\/br>AOC66313X<\/br>AOC66314X<\/br>AOC97300X<\/br>B89090-5<\/br>B89093-4<\/br>B99497-5-M<\/br>B99498-5-M<\/br>B99597-5-M<\/br>B99598-5-M<\/br>B99697-5-M<\/br>B99698-5-M<\/br>B99897-5-M<\/br>B99898-5-M<\/br>BE7614000M<\/br>BE7714000M<\/br>BEJUBLAD 202.847.00<\/br>BP7614000M<\/br>BP7714000M<\/br>E30002-5-D<\/br>E30002-5-M<\/br>E30002-5-W<\/br>E30012-5-M<\/br>EEC2400BOK<\/br>EEC2400BOX<\/br>EOA2402AAX<\/br>EOB2100COX<\/br>EOB31002SA<\/br>EOB31002X<\/br>EOB31003X<\/br>EOB31004X<\/br>EOB33031X<\/br>EOB33200X<\/br>EOB45000K<\/br>EOB45000WW<\/br>EOB45000X<\/br>EOB50000X<\/br>EOB53001R<\/br>EOB53003X<\/br>EOB53004X<\/br>EOB53010W<\/br>EOB53010X<\/br>EOB53011X<\/br>EOB53102X<\/br>EOB53103K<\/br>EOB53103X<\/br>EOB53202X<\/br>EOB53203K<\/br>EOB53203X<\/br>EOB66712X<\/br>EOB66713X<\/br>EOB66714X<\/br>EOB68713X<\/br>EOB96000X<\/br>EOB96001X<\/br>EOB97300X<\/br>EOC3400CAX<\/br>EOC45040K<\/br>EOC45040W<\/br>EOC45040X<\/br>EOC45041X<\/br>EOC45441MR<\/br>EOC45441WW<\/br>EOC45441X<\/br>EOC45441XK<\/br>EOC45442X<\/br>EOC55110X<\/br>EOC55200X<\/br>EOC55300K<\/br>EOC55300WW<\/br>EOC55300X<\/br>EOC56200K<\/br>EOC56200W<\/br>EOC56200X<\/br>EOC66315X<\/br>EOC66316X<\/br>EOC66700X<\/br>EOC66800X<\/br>EOC68341MR<\/br>EOC68341WW<\/br>EOC68341X<\/br>EOC68341XK<\/br>EOC68342X<\/br>EOC69611X<\/br>EOC69612X<\/br>EOC69900X<\/br>EOC96000X<\/br>EOC97300WW<\/br>EOC97300X<\/br>EON21000W<\/br>EON30620B<\/br>EON30620W<\/br>EON30620X<\/br>EON33000X<\/br>EOQ2400BOX<\/br>EOQ3400DOX<\/br>EZA2400AOX<\/br>EZA2420AOK<\/br>EZA2420AOW<\/br>EZA2420AOX<\/br>EZA5420AOK<\/br>EZA5420AOW<\/br>EZA5420AOX<\/br>EZB2400AAX<\/br>EZB2400AOX<\/br>EZB3400AOX<\/br>EZB3410AOK<\/br>EZB3410AOW<\/br>EZB3410AOX<\/br>EZB3430AOK<\/br>EZB3430AOX<\/br>EZB52410AK<\/br>EZB52410AW<\/br>EZB52410AX<\/br>EZB52430AX<\/br>EZB53400AX<\/br>EZB53410AK<\/br>EZB53410AW<\/br>EZB53410AX<\/br>EZB53430AB<\/br>EZB53430AK<\/br>EZB53430AW<\/br>EZB53430AX<\/br>EZB55420AK<\/br>EZB55420AW<\/br>EZC2400AAX<\/br>EZC2400BCK<\/br>EZC2400BCW<\/br>EZC2400BCX<\/br>EZC2430AOX<\/br>EZC3400AOK<\/br>EZC3400AOX<\/br>EZC52430AX<\/br>F10B<\/br>F10EB<\/br>F10EN<\/br>F10EX<\/br>F10N<\/br>F10X<\/br>F50B<\/br>F50N<\/br>F50X<\/br>F5650EX<\/br>F6650EX<\/br>FC50N<\/br>FEX60XL<\/br>FNC50G<\/br>FNC50X<\/br>FOV10P &#8211; 401 522 37<\/br>FOV10P &#8211; 901 562 09<\/br>FOV10P 401 522 37<\/br>FOV10P 401-522-37<\/br>FOV10P 901 562 09<\/br>FOV10P 901-562-09<\/br>FOV9<\/br>FOV9 &#8211; 301 562 12<\/br>FOV9 &#8211; 601 562 20<\/br>FOV9 601 562 20<\/br>FOV9 601-562-20<\/br>FOV9S &#8211; 401 562 21<\/br>FOV9S &#8211; 501 562 11<\/br>FQ100XE<\/br>FQ102IXEV<\/br>FQ12N<\/br>FQ12X<\/br>FQ200XE<\/br>FQ202BEV<\/br>FQ202NEV<\/br>FQ202XEV<\/br>FQ52B<\/br>FQ52N<\/br>FQ52X<\/br>FQ52XN<\/br>FQ62BV<\/br>FQ62MXV<\/br>FQ62NV<\/br>FQ62XV<\/br>FQ72XEV<\/br>FQ90NE<\/br>FQ90XE<\/br>FQ92INEV<\/br>FQ92IXEV<\/br>FQ92NEV<\/br>FQ92NSEV<\/br>FQ92XEV<\/br>FQL200XED<\/br>FQL200XES<\/br>FQL202XED<\/br>FQL202XES<\/br>FQP100XE<\/br>FQP102XEV<\/br>FQP70XE<\/br>FQP72XEV<\/br>FQV202XEV<\/br>FQV90XE<\/br>FQV92XEV<\/br>FR50G<\/br>FR50R<\/br>FR50S<\/br>FR50X<\/br>FR60BA<\/br>FR60G<\/br>FR60R<\/br>FR60X<\/br>FRS50BA<\/br>FRS50G<\/br>FRS50R<\/br>FRS50S<\/br>FRS50X<\/br>FS100XE<\/br>FS51X<\/br>FS590X<\/br>FS60XX<\/br>FS61X<\/br>FS90XE<\/br>FS91XE<\/br>GORLIG 10300786<\/br>GORLIG 30322061<\/br>GORLIG 90300792<\/br>HB1000IA<\/br>HB2000IA<\/br>HBETWINSA<\/br>HI2000IA<\/br>HIETWINSA<\/br>IZOB580X<\/br>IZOB580X E<\/br>JOB66611X<\/br>JOC69611X<\/br>JOC69612X<\/br>LAGAN OV3 60322050<\/br>LOV3 201.521.9<\/br>LOV3 201.521.96<\/br>LOV3 201-521-96<\/br>LOV3 401 667 9<\/br>LOV3 401 667 91<\/br>LOV3 401-667-91<\/br>LOV3X 901.522.06<\/br>LOV3X 901-522-06<\/br>OE6MX<\/br>OE6SX<\/br>OPEA4300X<\/br>OV12 002-451-68<\/br>OV12 202-451-67<\/br>OV13 302-451-76<\/br>OV13 902-451-78<\/br>OV14 102-451-77<\/br>OV14 202-451-72<\/br>OV15 402-451-71<\/br>OV15 502-451-75<\/br>OV16 302-451-81<\/br>OV16 702-451-84<\/br>OV17 602-451-89<\/br>OV17 802-451-88<\/br>OV18 202-451-86<\/br>OV18 202-451-91<\/br>OV19 002-451-92<\/br>OV19 802-451-93<\/br>OV20 102-451-96<\/br>OV20 302-451-95<\/br>OV21 702-451-98<\/br>OV22 502-451-99<\/br>OX6211AUU\/A03<\/br>OX6211AUU\/A04<\/br>OX6211EUU\/A03<\/br>OX6211EUU\/A04<\/br>OX6211EUU\/A05<\/br>OX6211H\/A04<\/br>OX6211HUU\/A02<\/br>OX6211HUU\/A03<\/br>OX6211LUU\/A02<\/br>OX6211LUU\/A03<\/br>OX6292EUU\/A03<\/br>OX6292EUU\/A04<\/br>OX6292LUU\/A02<\/br>OX6292LUU\/A03<\/br>PBK3360X<\/br>PBN1110X<\/br>PBN12000X<\/br>PBN1220X<\/br>PBN13000X<\/br>PBN1310X<\/br>PBN1320X<\/br>PBN23000X<\/br>PBN23100X<\/br>PBN3320X<\/br>PBN3320XC<\/br>PBP23100X<\/br>PBP5320X<\/br>PBP5360X<\/br>PHN1110S<\/br>PHN1110W<\/br>PHN1110X<\/br>PHN12000X<\/br>PHN1220X<\/br>PHN13000X<\/br>PHN1310S<\/br>PHN1310W<\/br>PHN1310X<\/br>PHN1320S<\/br>PHN1320W<\/br>PHN1320X<\/br>PHN23000X<\/br>PHN23100X<\/br>PHN3320X<\/br>PHP5320X<\/br>POB90<\/br>POB93<\/br>QCE7338X<\/br>RA3210W<\/br>RA3410X<\/br>RAFFINERA 402.847.04<\/br>RK3210W<\/br>RK3410W<\/br>RK3410X<\/br>RUTINERAD 102.847.05<\/br>RUTINERAD 902.847.06<\/br>RZB1000AAK<\/br>RZB1000AAX<\/br>RZB2100AAK<\/br>RZB2100AAX<\/br>RZB2100AON<\/br>RZB2100AOR<\/br>RZB2100AOX<\/br>RZB3400AOX<\/br>SU4500W<\/br>SU4500X<\/br>SU4700X<\/br>UCG3O &#8211; 201 511 30<\/br>UCG3O &#8211; 701 514 58<\/br>UCG3O 201 511 30<\/br>UCG3O 201-511-30<\/br>UCG3O 701 514 58<\/br>UCG3O 701-514-58<\/p>\n<\/div>\n\t\t\t\t<\/div>\n\t\t\t\t\t\t\t\t<\/div>\n\t\t\t\t\t\t<\/div>\n\t\t\t\t<\/div>\n\t\t\t\t\t<\/div>\n\t\t<\/div>\n\t\t\t\t\t<\/div>\n\t\t<\/section>\n\t\t\t\t<\/div>\n\t\t","protected":false},"excerpt":{"rendered":"<p>Spir\u00e1la trouby Electrolux 3570635015 1000 W P\u0159ep\u00e1len\u00e1 spir\u00e1la se pom\u011brn\u011b jednodu\u0161e vym\u011bn\u00ed za novou, jen bude t\u0159eba troubu vybrat. Zkontrolujte si kompatibilitu k va\u0161\u00ed troub\u011b Pro tyto zna\u010dky trouby Arthur Martin, Atag, Corbero, Electrolux, Electrolux AEG, Electrolux Rex, Elektro Helios, Husqvarna, Ideal Zanussi, Ikea, Juno, Philco, Progress, Rosenlew Seznam model\u016f, kde je spir\u00e1la zalo\u017eena AOB66310XAOB97300XAOC66313XAOC66314XAOC97300XB89090-5B89093-4B99497-5-MB99498-5-MB99597-5-MB99598-5-MB99697-5-MB99698-5-MB99897-5-MB99898-5-MBE7614000MBE7714000MBEJUBLAD [&hellip;]<\/p>\n","protected":false},"featured_media":34922,"comment_status":"open","ping_status":"closed","template":"","meta":{"site-sidebar-layout":"default","site-content-layout":"default","ast-site-content-layout":"default","site-content-style":"default","site-sidebar-style":"default","ast-global-header-display":"","ast-banner-title-visibility":"","ast-main-header-display":"","ast-hfb-above-header-display":"","ast-hfb-below-header-display":"","ast-hfb-mobile-header-display":"","site-post-title":"","ast-breadcrumbs-content":"","ast-featured-img":"","footer-sml-layout":"","ast-disable-related-posts":"","theme-transparent-header-meta":"default","adv-header-id-meta":"","stick-header-meta":"default","header-above-stick-meta":"","header-main-stick-meta":"","header-below-stick-meta":"","astra-migrate-meta-layouts":"default","ast-page-background-enabled":"default","ast-page-background-meta":{"desktop":{"background-color":"","background-image":"","background-repeat":"repeat","background-position":"center center","background-size":"auto","background-attachment":"scroll","background-type":"","background-media":"","overlay-type":"","overlay-color":"","overlay-opacity":"","overlay-gradient":""},"tablet":{"background-color":"","background-image":"","background-repeat":"repeat","background-position":"center center","background-size":"auto","background-attachment":"scroll","background-type":"","background-media":"","overlay-type":"","overlay-color":"","overlay-opacity":"","overlay-gradient":""},"mobile":{"background-color":"","background-image":"","background-repeat":"repeat","background-position":"center center","background-size":"auto","background-attachment":"scroll","background-type":"","background-media":"","overlay-type":"","overlay-color":"","overlay-opacity":"","overlay-gradient":""}},"ast-content-background-meta":{"desktop":{"background-color":"var(--ast-global-color-5)","background-image":"","background-repeat":"repeat","background-position":"center center","background-size":"auto","background-attachment":"scroll","background-type":"","background-media":"","overlay-type":"","overlay-color":"","overlay-opacity":"","overlay-gradient":""},"tablet":{"background-color":"var(--ast-global-color-5)","background-image":"","background-repeat":"repeat","background-position":"center center","background-size":"auto","background-attachment":"scroll","background-type":"","background-media":"","overlay-type":"","overlay-color":"","overlay-opacity":"","overlay-gradient":""},"mobile":{"background-color":"var(--ast-global-color-5)","background-image":"","background-repeat":"repeat","background-position":"center center","background-size":"auto","background-attachment":"scroll","background-type":"","background-media":"","overlay-type":"","overlay-color":"","overlay-opacity":"","overlay-gradient":""}}},"product_brand":[],"product_cat":[714],"product_tag":[974,958],"berocket_brand":[865,881],"class_list":{"0":"post-47162","1":"product","2":"type-product","3":"status-publish","4":"has-post-thumbnail","6":"product_cat-teleso-sporaku-rury","7":"product_tag-sporak-cs","8":"product_tag-trouba","9":"berocket_brand-electrolux-cs","10":"berocket_brand-zanussi-cs","11":"desktop-align-center","12":"tablet-align-center","13":"mobile-align-center","14":"ast-product-gallery-layout-horizontal","15":"ast-product-tabs-layout-horizontal","17":"first","18":"instock","19":"shipping-taxable","20":"purchasable","21":"product-type-simple"},"_links":{"self":[{"href":"https:\/\/teleso.sk\/cs\/wp-json\/wp\/v2\/product\/47162","targetHints":{"allow":["GET"]}}],"collection":[{"href":"https:\/\/teleso.sk\/cs\/wp-json\/wp\/v2\/product"}],"about":[{"href":"https:\/\/teleso.sk\/cs\/wp-json\/wp\/v2\/types\/product"}],"replies":[{"embeddable":true,"href":"https:\/\/teleso.sk\/cs\/wp-json\/wp\/v2\/comments?post=47162"}],"version-history":[{"count":0,"href":"https:\/\/teleso.sk\/cs\/wp-json\/wp\/v2\/product\/47162\/revisions"}],"wp:featuredmedia":[{"embeddable":true,"href":"https:\/\/teleso.sk\/cs\/wp-json\/wp\/v2\/media\/34922"}],"wp:attachment":[{"href":"https:\/\/teleso.sk\/cs\/wp-json\/wp\/v2\/media?parent=47162"}],"wp:term":[{"taxonomy":"product_brand","embeddable":true,"href":"https:\/\/teleso.sk\/cs\/wp-json\/wp\/v2\/product_brand?post=47162"},{"taxonomy":"product_cat","embeddable":true,"href":"https:\/\/teleso.sk\/cs\/wp-json\/wp\/v2\/product_cat?post=47162"},{"taxonomy":"product_tag","embeddable":true,"href":"https:\/\/teleso.sk\/cs\/wp-json\/wp\/v2\/product_tag?post=47162"},{"taxonomy":"berocket_brand","embeddable":true,"href":"https:\/\/teleso.sk\/cs\/wp-json\/wp\/v2\/berocket_brand?post=47162"}],"curies":[{"name":"wp","href":"https:\/\/api.w.org\/{rel}","templated":true}]}}