{"id":48652,"date":"2021-02-18T20:38:49","date_gmt":"2021-02-18T19:38:49","guid":{"rendered":"https:\/\/teleso.sk\/produkt\/molitanovy-filtr-susicky-beko\/"},"modified":"2026-04-04T17:56:26","modified_gmt":"2026-04-04T15:56:26","slug":"molitanovy-filtr-susicky-beko","status":"publish","type":"product","link":"https:\/\/teleso.sk\/cs\/produkt\/molitanovy-filtr-susicky-beko\/","title":{"rendered":"Molitanov\u00fd filtr su\u0161i\u010dky Beko"},"content":{"rendered":"<h2>Molitanov\u00fd filtr su\u0161i\u010dky Beko<\/h2>\n<p>2964840200<\/p>\n<p>Zne\u010di\u0161t\u011bn\u00fd zda po\u0161kozen\u00fd filtr je lep\u0161\u00ed v\u010das vym\u011bnit, jinak se zanesou od prachu vnit\u0159n\u00ed \u010d\u00e1sti su\u0161i\u010dky. Jejich vy\u010di\u0161t\u011bn\u00ed bude vy\u017eadovat z\u00e1sah odborn\u00e9ho servisu, nebo\u0165 se jedn\u00e1 o dost komplikovanou a na \u010das n\u00e1ro\u010dnou opravu.<\/p>\n<p>Filtr je vhodn\u00fd do t\u011bchto model\u016f:<\/p>\n<p>7188232290 DS 7433 CSPA<br \/>\n7188289940 DE 8635 RX0<br \/>\n7188283750 DE 8635 CSDRX0<br \/>\n7188283840 DE 8635 CSRX0<br \/>\n7188285880 DH 8512 CSRX<br \/>\n7188288810 DH 8534 CS RX<br \/>\n7188234230 DHS 7412 PA0<br \/>\n7188234150 DHS 8412 PA0<br \/>\n7188232000 DPS 7405 G B5<br \/>\n7188234430 DPS 7405 G B5<br \/>\n7188286950 DPY 7405 XHW3<br \/>\n7188285320 DPY 8506 GXB1<br \/>\n7188283920 DPY 8506 GXB1<br \/>\n7188286850 DPY 8506 GXB1<br \/>\n7188234300 DS 8312 PX<br \/>\n7188232090 DS 7433 CSRX<br \/>\n7188234750 DS 7433 CSRX<br \/>\n7188232910 DS 7434 CSRX<br \/>\n7188234170 DS 7533 CSRX1<br \/>\n7188234180 DS 7533 RX0<br \/>\n7188283740 EDE 8635 RX0<br \/>\n7188289530 GTN 38252 HGP GRUNDIG<br \/>\n7188289150 GTN 38266 GCS GRUNDIG<br \/>\n7188289430 GTN 482617 GCH GRUNDIG<\/p>\n","protected":false},"excerpt":{"rendered":"<p>Molitanov\u00fd filtr su\u0161i\u010dky Beko 2964840200 Zne\u010di\u0161t\u011bn\u00fd zda po\u0161kozen\u00fd filtr je lep\u0161\u00ed v\u010das vym\u011bnit, jinak se zanesou od prachu vnit\u0159n\u00ed \u010d\u00e1sti su\u0161i\u010dky. Jejich vy\u010di\u0161t\u011bn\u00ed bude vy\u017eadovat z\u00e1sah odborn\u00e9ho servisu, nebo\u0165 se jedn\u00e1 o dost komplikovanou a na \u010das n\u00e1ro\u010dnou opravu. Filtr je vhodn\u00fd do t\u011bchto model\u016f: 7188232290 DS 7433 CSPA 7188289940 DE 8635 RX0 7188283750 DE [&hellip;]<\/p>\n","protected":false},"featured_media":42492,"comment_status":"open","ping_status":"closed","template":"","meta":{"site-sidebar-layout":"default","site-content-layout":"default","ast-site-content-layout":"default","site-content-style":"default","site-sidebar-style":"default","ast-global-header-display":"","ast-banner-title-visibility":"","ast-main-header-display":"","ast-hfb-above-header-display":"","ast-hfb-below-header-display":"","ast-hfb-mobile-header-display":"","site-post-title":"","ast-breadcrumbs-content":"","ast-featured-img":"","footer-sml-layout":"","ast-disable-related-posts":"","theme-transparent-header-meta":"default","adv-header-id-meta":"","stick-header-meta":"default","header-above-stick-meta":"","header-main-stick-meta":"","header-below-stick-meta":"","astra-migrate-meta-layouts":"default","ast-page-background-enabled":"default","ast-page-background-meta":{"desktop":{"background-color":"","background-image":"","background-repeat":"repeat","background-position":"center center","background-size":"auto","background-attachment":"scroll","background-type":"","background-media":"","overlay-type":"","overlay-color":"","overlay-opacity":"","overlay-gradient":""},"tablet":{"background-color":"","background-image":"","background-repeat":"repeat","background-position":"center center","background-size":"auto","background-attachment":"scroll","background-type":"","background-media":"","overlay-type":"","overlay-color":"","overlay-opacity":"","overlay-gradient":""},"mobile":{"background-color":"","background-image":"","background-repeat":"repeat","background-position":"center center","background-size":"auto","background-attachment":"scroll","background-type":"","background-media":"","overlay-type":"","overlay-color":"","overlay-opacity":"","overlay-gradient":""}},"ast-content-background-meta":{"desktop":{"background-color":"var(--ast-global-color-5)","background-image":"","background-repeat":"repeat","background-position":"center center","background-size":"auto","background-attachment":"scroll","background-type":"","background-media":"","overlay-type":"","overlay-color":"","overlay-opacity":"","overlay-gradient":""},"tablet":{"background-color":"var(--ast-global-color-5)","background-image":"","background-repeat":"repeat","background-position":"center center","background-size":"auto","background-attachment":"scroll","background-type":"","background-media":"","overlay-type":"","overlay-color":"","overlay-opacity":"","overlay-gradient":""},"mobile":{"background-color":"var(--ast-global-color-5)","background-image":"","background-repeat":"repeat","background-position":"center center","background-size":"auto","background-attachment":"scroll","background-type":"","background-media":"","overlay-type":"","overlay-color":"","overlay-opacity":"","overlay-gradient":""}}},"product_brand":[],"product_cat":[990],"product_tag":[979],"berocket_brand":[861],"class_list":{"0":"post-48652","1":"product","2":"type-product","3":"status-publish","4":"has-post-thumbnail","6":"product_cat-nahradne-dily-na-susicku","7":"product_tag-susicka-cs","8":"berocket_brand-beko-cs","9":"desktop-align-center","10":"tablet-align-center","11":"mobile-align-center","12":"ast-product-gallery-layout-horizontal","13":"ast-product-gallery-with-no-image","14":"ast-product-tabs-layout-horizontal","16":"first","17":"instock","18":"sale","19":"shipping-taxable","20":"purchasable","21":"product-type-simple"},"_links":{"self":[{"href":"https:\/\/teleso.sk\/cs\/wp-json\/wp\/v2\/product\/48652","targetHints":{"allow":["GET"]}}],"collection":[{"href":"https:\/\/teleso.sk\/cs\/wp-json\/wp\/v2\/product"}],"about":[{"href":"https:\/\/teleso.sk\/cs\/wp-json\/wp\/v2\/types\/product"}],"replies":[{"embeddable":true,"href":"https:\/\/teleso.sk\/cs\/wp-json\/wp\/v2\/comments?post=48652"}],"version-history":[{"count":0,"href":"https:\/\/teleso.sk\/cs\/wp-json\/wp\/v2\/product\/48652\/revisions"}],"wp:featuredmedia":[{"embeddable":true,"href":"https:\/\/teleso.sk\/cs\/wp-json\/wp\/v2\/media\/42492"}],"wp:attachment":[{"href":"https:\/\/teleso.sk\/cs\/wp-json\/wp\/v2\/media?parent=48652"}],"wp:term":[{"taxonomy":"product_brand","embeddable":true,"href":"https:\/\/teleso.sk\/cs\/wp-json\/wp\/v2\/product_brand?post=48652"},{"taxonomy":"product_cat","embeddable":true,"href":"https:\/\/teleso.sk\/cs\/wp-json\/wp\/v2\/product_cat?post=48652"},{"taxonomy":"product_tag","embeddable":true,"href":"https:\/\/teleso.sk\/cs\/wp-json\/wp\/v2\/product_tag?post=48652"},{"taxonomy":"berocket_brand","embeddable":true,"href":"https:\/\/teleso.sk\/cs\/wp-json\/wp\/v2\/berocket_brand?post=48652"}],"curies":[{"name":"wp","href":"https:\/\/api.w.org\/{rel}","templated":true}]}}