{"id":62845,"date":"2021-12-04T15:16:50","date_gmt":"2021-12-04T14:16:50","guid":{"rendered":"https:\/\/teleso.sk\/produkt\/kompletni-dvere-pracky-tdlr-whirlpool\/"},"modified":"2026-04-04T17:56:15","modified_gmt":"2026-04-04T15:56:15","slug":"kompletni-dvere-pracky-tdlr-whirlpool","status":"publish","type":"product","link":"https:\/\/teleso.sk\/cs\/produkt\/kompletni-dvere-pracky-tdlr-whirlpool\/","title":{"rendered":"Kompletn\u00ed dve\u0159e pra\u010dky TDLR Whirlpool"},"content":{"rendered":"<h2>Kompletn\u00ed dve\u0159e pra\u010dky TDLR Whirlpool<\/h2>\n<p>481010758775<br \/>\n481010771227<br \/>\n481010771228<\/p>\n<p>Pro tyto modely pra\u010dek (nejsou uvedeny v\u0161echny):<\/p>\n<p><span style=\"font-size: 16px;\">AWCH 6522<\/span><\/p>\n<p>AWCH 7725<br \/>\nM TDLR 70230<br \/>\nTDLP 70230TT<br \/>\nTDLR 55110<br \/>\nTDLR 55111<br \/>\nTDLR 55112<br \/>\nTDLR 60110<br \/>\nTDLR 60111<br \/>\nTDLR 60112<br \/>\nTDLR 60113<br \/>\nTDLR 60114<br \/>\nTDLR 60210<br \/>\nTDLR 602103<br \/>\nTDLR 60211<br \/>\nTDLR 60211 F<br \/>\nTDLR 60212<br \/>\nTDLR 60213<br \/>\nTDLR 60230<br \/>\nTDLR 60231<br \/>\nTDLR 60810<br \/>\nTDLR 60810 BY<br \/>\nTDLR 65210<br \/>\nTDLR 65230<br \/>\nTDLR 652301<br \/>\nTDLR 65231<br \/>\nTDLR 65330<br \/>\nTDLR 70110<br \/>\nTDLR 701101<br \/>\nTDLR 70111<br \/>\nTDLR 70112<br \/>\nTDLR 70113<br \/>\nTDLR 70210<br \/>\nTDLR 70211<br \/>\nTDLR 70211 F<br \/>\nTDLR 702111<br \/>\nTDLR 70230<br \/>\nTDLR 702302<br \/>\nTDLR 70231<br \/>\nTDLR 70810<br \/>\nTDLR 65210CS<br \/>\nTDLR 70212<br \/>\nTDLR 70213<br \/>\nTDLR 7221 INVERTER<br \/>\nWCS60ZB<br \/>\nZEN TDLR65330<\/p>\n","protected":false},"excerpt":{"rendered":"<p>Kompletn\u00ed dve\u0159e pra\u010dky TDLR Whirlpool 481010758775 481010771227 481010771228 Pro tyto modely pra\u010dek (nejsou uvedeny v\u0161echny): AWCH 6522 AWCH 7725 M TDLR 70230 TDLP 70230TT TDLR 55110 TDLR 55111 TDLR 55112 TDLR 60110 TDLR 60111 TDLR 60112 TDLR 60113 TDLR 60114 TDLR 60210 TDLR 602103 TDLR 60211 TDLR 60211 F TDLR 60212 TDLR 60213 TDLR 60230 [&hellip;]<\/p>\n","protected":false},"featured_media":63329,"comment_status":"open","ping_status":"closed","template":"","meta":{"site-sidebar-layout":"default","site-content-layout":"default","ast-site-content-layout":"default","site-content-style":"default","site-sidebar-style":"default","ast-global-header-display":"","ast-banner-title-visibility":"","ast-main-header-display":"","ast-hfb-above-header-display":"","ast-hfb-below-header-display":"","ast-hfb-mobile-header-display":"","site-post-title":"","ast-breadcrumbs-content":"","ast-featured-img":"","footer-sml-layout":"","ast-disable-related-posts":"","theme-transparent-header-meta":"default","adv-header-id-meta":"","stick-header-meta":"default","header-above-stick-meta":"","header-main-stick-meta":"","header-below-stick-meta":"","astra-migrate-meta-layouts":"default","ast-page-background-enabled":"default","ast-page-background-meta":{"desktop":{"background-color":"","background-image":"","background-repeat":"repeat","background-position":"center center","background-size":"auto","background-attachment":"scroll","background-type":"","background-media":"","overlay-type":"","overlay-color":"","overlay-opacity":"","overlay-gradient":""},"tablet":{"background-color":"","background-image":"","background-repeat":"repeat","background-position":"center center","background-size":"auto","background-attachment":"scroll","background-type":"","background-media":"","overlay-type":"","overlay-color":"","overlay-opacity":"","overlay-gradient":""},"mobile":{"background-color":"","background-image":"","background-repeat":"repeat","background-position":"center center","background-size":"auto","background-attachment":"scroll","background-type":"","background-media":"","overlay-type":"","overlay-color":"","overlay-opacity":"","overlay-gradient":""}},"ast-content-background-meta":{"desktop":{"background-color":"var(--ast-global-color-5)","background-image":"","background-repeat":"repeat","background-position":"center center","background-size":"auto","background-attachment":"scroll","background-type":"","background-media":"","overlay-type":"","overlay-color":"","overlay-opacity":"","overlay-gradient":""},"tablet":{"background-color":"var(--ast-global-color-5)","background-image":"","background-repeat":"repeat","background-position":"center center","background-size":"auto","background-attachment":"scroll","background-type":"","background-media":"","overlay-type":"","overlay-color":"","overlay-opacity":"","overlay-gradient":""},"mobile":{"background-color":"var(--ast-global-color-5)","background-image":"","background-repeat":"repeat","background-position":"center center","background-size":"auto","background-attachment":"scroll","background-type":"","background-media":"","overlay-type":"","overlay-color":"","overlay-opacity":"","overlay-gradient":""}}},"product_brand":[],"product_cat":[758],"product_tag":[932],"berocket_brand":[879],"class_list":{"0":"post-62845","1":"product","2":"type-product","3":"status-publish","4":"has-post-thumbnail","6":"product_cat-plech-nasypka-pracky","7":"product_tag-pracka-cs","8":"berocket_brand-whirlpool-cs","9":"desktop-align-center","10":"tablet-align-center","11":"mobile-align-center","12":"ast-product-gallery-layout-horizontal","13":"ast-product-tabs-layout-horizontal","15":"first","16":"instock","17":"sale","18":"shipping-taxable","19":"purchasable","20":"product-type-simple"},"_links":{"self":[{"href":"https:\/\/teleso.sk\/cs\/wp-json\/wp\/v2\/product\/62845","targetHints":{"allow":["GET"]}}],"collection":[{"href":"https:\/\/teleso.sk\/cs\/wp-json\/wp\/v2\/product"}],"about":[{"href":"https:\/\/teleso.sk\/cs\/wp-json\/wp\/v2\/types\/product"}],"replies":[{"embeddable":true,"href":"https:\/\/teleso.sk\/cs\/wp-json\/wp\/v2\/comments?post=62845"}],"version-history":[{"count":0,"href":"https:\/\/teleso.sk\/cs\/wp-json\/wp\/v2\/product\/62845\/revisions"}],"wp:featuredmedia":[{"embeddable":true,"href":"https:\/\/teleso.sk\/cs\/wp-json\/wp\/v2\/media\/63329"}],"wp:attachment":[{"href":"https:\/\/teleso.sk\/cs\/wp-json\/wp\/v2\/media?parent=62845"}],"wp:term":[{"taxonomy":"product_brand","embeddable":true,"href":"https:\/\/teleso.sk\/cs\/wp-json\/wp\/v2\/product_brand?post=62845"},{"taxonomy":"product_cat","embeddable":true,"href":"https:\/\/teleso.sk\/cs\/wp-json\/wp\/v2\/product_cat?post=62845"},{"taxonomy":"product_tag","embeddable":true,"href":"https:\/\/teleso.sk\/cs\/wp-json\/wp\/v2\/product_tag?post=62845"},{"taxonomy":"berocket_brand","embeddable":true,"href":"https:\/\/teleso.sk\/cs\/wp-json\/wp\/v2\/berocket_brand?post=62845"}],"curies":[{"name":"wp","href":"https:\/\/api.w.org\/{rel}","templated":true}]}}