{"id":63548,"date":"2022-07-15T11:13:42","date_gmt":"2022-07-15T09:13:42","guid":{"rendered":"https:\/\/teleso.sk\/produkt\/davkovac-cisticiho-prostredku-beko\/"},"modified":"2026-04-04T17:56:36","modified_gmt":"2026-04-04T15:56:36","slug":"davkovac-cisticiho-prostredku-beko","status":"publish","type":"product","link":"https:\/\/teleso.sk\/cs\/produkt\/davkovac-cisticiho-prostredku-beko\/","title":{"rendered":"D\u00e1vkova\u010d \u010distic\u00edho prost\u0159edku Beko"},"content":{"rendered":"<h2>D\u00e1vkova\u010d \u010distic\u00edho prost\u0159edku Beko<\/h2>\n<p>1512300100<\/p>\n<p>D\u00e1vkova\u010d je ur\u010den pro my\u010dky n\u00e1dob\u00ed:<\/p>\n<p>BDFN26520XQ<br \/>\nBDFN26640XC<br \/>\nBDFN36640XC<br \/>\nBDIN16421<br \/>\nBDIN36520Q<br \/>\nBDIN36521Q<br \/>\nBDIN38420Q<br \/>\nBDIN38520Q<br \/>\nBDIN38521Q<br \/>\nBDIN38522Q<br \/>\nBDIN38523Q<br \/>\nBDIN38524Q<br \/>\nBDIN38531D<br \/>\nBDIN38640D<br \/>\nBDIN38643C<br \/>\nBDIN38645D<br \/>\nBDIS25023<br \/>\nBDIS36020<br \/>\nDFN26220W2<br \/>\nDFN26420W<br \/>\nDFN26420X<br \/>\nDFN26421W<br \/>\nDFN26421X<br \/>\nDFN26422W<br \/>\nDFN26422X<br \/>\nDFN28422G<br \/>\nDFN28422S<br \/>\nDFN28422W<br \/>\nDFN28422X<br \/>\nDFN28423W<br \/>\nDFN28423X<br \/>\nDFN28430W<br \/>\nDFN28430X<br \/>\nDFN28431W<br \/>\nDFN28432X<br \/>\nDFN38530W<br \/>\nDFN38530X<br \/>\nDFN39431W<br \/>\nDFN39431X<br \/>\nDFS05013W<br \/>\nDFS05013X<br \/>\nDFS26024W<br \/>\nDFS26024X<br \/>\nDFS28021W<br \/>\nDFS28021X<br \/>\nDFS28122X<br \/>\nDFS28123W<br \/>\nDFS28123X<br \/>\nDFS28130W<br \/>\nDFS28130X<br \/>\nDFS28131X<br \/>\nDFS39130W<br \/>\nDFS39130X<br \/>\nDIN26410<br \/>\nDIN26420<br \/>\nDIN26421<br \/>\nDIN26422<br \/>\nDIN28421<br \/>\nDIN28422<br \/>\nDIN28423<br \/>\nDIN28424<br \/>\nDIN28425<br \/>\nDIN28430<br \/>\nDIN28431<br \/>\nDIN28433<br \/>\nDIN28434<br \/>\nDIN39431<br \/>\nDIN39432<br \/>\nDIN48532<br \/>\nDIS25010<br \/>\nDIS25011<br \/>\nDIS26021<br \/>\nDIS26120<br \/>\nDIS28023<br \/>\nDIS28120<br \/>\nDIS35020<br \/>\nDIS35023<br \/>\nDIS48120<br \/>\nDSN15420X<br \/>\nDSN26420B<br \/>\nDSN26420W<br \/>\nDSN26420X<br \/>\nDSN28420X<br \/>\nDSN28430X<br \/>\nDSN39430X<br \/>\nDSS28021X<br \/>\nDSS28121X<br \/>\nGNFP4540XCW GRUNDIG<br \/>\nGNFP4550WB GRUNDIG<br \/>\nGSF 41931 X GRUNDIG<br \/>\nMDFN26431W<\/p>\n","protected":false},"excerpt":{"rendered":"<p>D\u00e1vkova\u010d \u010distic\u00edho prost\u0159edku Beko 1512300100 D\u00e1vkova\u010d je ur\u010den pro my\u010dky n\u00e1dob\u00ed: BDFN26520XQ BDFN26640XC BDFN36640XC BDIN16421 BDIN36520Q BDIN36521Q BDIN38420Q BDIN38520Q BDIN38521Q BDIN38522Q BDIN38523Q BDIN38524Q BDIN38531D BDIN38640D BDIN38643C BDIN38645D BDIS25023 BDIS36020 DFN26220W2 DFN26420W DFN26420X DFN26421W DFN26421X DFN26422W DFN26422X DFN28422G DFN28422S DFN28422W DFN28422X DFN28423W DFN28423X DFN28430W DFN28430X DFN28431W DFN28432X DFN38530W DFN38530X DFN39431W DFN39431X DFS05013W DFS05013X DFS26024W DFS26024X DFS28021W [&hellip;]<\/p>\n","protected":false},"featured_media":63528,"comment_status":"open","ping_status":"closed","template":"","meta":{"site-sidebar-layout":"default","site-content-layout":"default","ast-site-content-layout":"default","site-content-style":"default","site-sidebar-style":"default","ast-global-header-display":"","ast-banner-title-visibility":"","ast-main-header-display":"","ast-hfb-above-header-display":"","ast-hfb-below-header-display":"","ast-hfb-mobile-header-display":"","site-post-title":"","ast-breadcrumbs-content":"","ast-featured-img":"","footer-sml-layout":"","ast-disable-related-posts":"","theme-transparent-header-meta":"default","adv-header-id-meta":"","stick-header-meta":"default","header-above-stick-meta":"","header-main-stick-meta":"","header-below-stick-meta":"","astra-migrate-meta-layouts":"default","ast-page-background-enabled":"default","ast-page-background-meta":{"desktop":{"background-color":"","background-image":"","background-repeat":"repeat","background-position":"center center","background-size":"auto","background-attachment":"scroll","background-type":"","background-media":"","overlay-type":"","overlay-color":"","overlay-opacity":"","overlay-gradient":""},"tablet":{"background-color":"","background-image":"","background-repeat":"repeat","background-position":"center center","background-size":"auto","background-attachment":"scroll","background-type":"","background-media":"","overlay-type":"","overlay-color":"","overlay-opacity":"","overlay-gradient":""},"mobile":{"background-color":"","background-image":"","background-repeat":"repeat","background-position":"center center","background-size":"auto","background-attachment":"scroll","background-type":"","background-media":"","overlay-type":"","overlay-color":"","overlay-opacity":"","overlay-gradient":""}},"ast-content-background-meta":{"desktop":{"background-color":"var(--ast-global-color-5)","background-image":"","background-repeat":"repeat","background-position":"center center","background-size":"auto","background-attachment":"scroll","background-type":"","background-media":"","overlay-type":"","overlay-color":"","overlay-opacity":"","overlay-gradient":""},"tablet":{"background-color":"var(--ast-global-color-5)","background-image":"","background-repeat":"repeat","background-position":"center center","background-size":"auto","background-attachment":"scroll","background-type":"","background-media":"","overlay-type":"","overlay-color":"","overlay-opacity":"","overlay-gradient":""},"mobile":{"background-color":"var(--ast-global-color-5)","background-image":"","background-repeat":"repeat","background-position":"center center","background-size":"auto","background-attachment":"scroll","background-type":"","background-media":"","overlay-type":"","overlay-color":"","overlay-opacity":"","overlay-gradient":""}}},"product_brand":[],"product_cat":[756],"product_tag":[957],"berocket_brand":[861],"class_list":{"0":"post-63548","1":"product","2":"type-product","3":"status-publish","4":"has-post-thumbnail","6":"product_cat-ovladani-plast-mycky","7":"product_tag-mycka","8":"berocket_brand-beko-cs","9":"desktop-align-center","10":"tablet-align-center","11":"mobile-align-center","12":"ast-product-gallery-layout-horizontal","13":"ast-product-tabs-layout-horizontal","15":"first","16":"instock","17":"sale","18":"shipping-taxable","19":"purchasable","20":"product-type-simple"},"_links":{"self":[{"href":"https:\/\/teleso.sk\/cs\/wp-json\/wp\/v2\/product\/63548","targetHints":{"allow":["GET"]}}],"collection":[{"href":"https:\/\/teleso.sk\/cs\/wp-json\/wp\/v2\/product"}],"about":[{"href":"https:\/\/teleso.sk\/cs\/wp-json\/wp\/v2\/types\/product"}],"replies":[{"embeddable":true,"href":"https:\/\/teleso.sk\/cs\/wp-json\/wp\/v2\/comments?post=63548"}],"version-history":[{"count":0,"href":"https:\/\/teleso.sk\/cs\/wp-json\/wp\/v2\/product\/63548\/revisions"}],"wp:featuredmedia":[{"embeddable":true,"href":"https:\/\/teleso.sk\/cs\/wp-json\/wp\/v2\/media\/63528"}],"wp:attachment":[{"href":"https:\/\/teleso.sk\/cs\/wp-json\/wp\/v2\/media?parent=63548"}],"wp:term":[{"taxonomy":"product_brand","embeddable":true,"href":"https:\/\/teleso.sk\/cs\/wp-json\/wp\/v2\/product_brand?post=63548"},{"taxonomy":"product_cat","embeddable":true,"href":"https:\/\/teleso.sk\/cs\/wp-json\/wp\/v2\/product_cat?post=63548"},{"taxonomy":"product_tag","embeddable":true,"href":"https:\/\/teleso.sk\/cs\/wp-json\/wp\/v2\/product_tag?post=63548"},{"taxonomy":"berocket_brand","embeddable":true,"href":"https:\/\/teleso.sk\/cs\/wp-json\/wp\/v2\/berocket_brand?post=63548"}],"curies":[{"name":"wp","href":"https:\/\/api.w.org\/{rel}","templated":true}]}}